{"id":1814,"date":"2025-05-21T08:23:23","date_gmt":"2025-05-21T08:23:23","guid":{"rendered":"https:\/\/www.linepharma.ca\/?page_id=1814"},"modified":"2025-05-21T09:01:12","modified_gmt":"2025-05-21T09:01:12","slug":"politique-de-confidentialite-lapplication-mynordimet","status":"publish","type":"page","link":"https:\/\/www.nordicpharma.ca\/fr\/politique-de-confidentialite-lapplication-mynordimet\/","title":{"rendered":"Politique de confidentialit\u00e9 L&rsquo;application MyNORDIMET"},"content":{"rendered":"<ul>\n<li>1. Introduction<\/li>\n<li>2. Collecte et utilisation des donn\u00e9es<\/li>\n<li>3. Stockage et s\u00e9curit\u00e9 des donn\u00e9es<\/li>\n<li>4. Droits et responsabilit\u00e9s de l&rsquo;utilisateur<\/li>\n<li>5. Restrictions d&rsquo;utilisation<\/li>\n<li>6. Mise \u00e0 jour de la politique<\/li>\n<li>7. Nous contacter<\/li>\n<\/ul>\n<p><strong>Derni\u00e8re mise \u00e0 jour:<\/strong> 7 Avril 2025<\/p>\n<h3>1. Introduction<\/h3>\n<p>L\u2019application MyNORDIMET (\u00ab l\u2019Application \u00bb) est mise \u00e0 disposition par Linepharma International Inc. (\u00ab Linepharma \u00bb), une filiale de Nordic Pharma, exclusivement pour une utilisation sur votre appareil mobile. Le pr\u00e9sent document expose les pratiques en mati\u00e8re de confidentialit\u00e9 ainsi que les conditions r\u00e9gissant votre utilisation de l\u2019Application. En t\u00e9l\u00e9chargeant, en acc\u00e9dant ou en utilisant autrement l\u2019Application, vous acceptez les dispositions \u00e9nonc\u00e9es ci-dessous.<\/p>\n<h3>2. Collecte et utilisation des donn\u00e9es<\/h3>\n<p style=\"text-align: left;\">Pour vous inscrire et acc\u00e9der \u00e0 l\u2019Application, il peut vous \u00eatre demand\u00e9 de fournir certaines informations personnelles, utilis\u00e9es uniquement pour v\u00e9rifier votre identit\u00e9 et permettre le bon fonctionnement de l\u2019Application. L\u2019Application enregistre des informations localement sur votre appareil mobile afin d\u2019assurer certaines fonctionnalit\u00e9s hors ligne et de personnaliser votre exp\u00e9rience. Aucun dispositif de suivi ni aucun t\u00e9moin (cookie) autre que ceux strictement n\u00e9cessaires \u00e0 l\u2019exploitation de l\u2019Application n\u2019est utilis\u00e9. Linepharma ne collecte ni ne partage aucune information relative aux patients ou \u00e0 l\u2019inscription avec des tiers. Toutes les donn\u00e9es fournies sont exclusivement utilis\u00e9es pour permettre les services de l\u2019Application et non \u00e0 des fins de marketing ou autres usages externes.<\/p>\n<h3>3. Stockage et s\u00e9curit\u00e9 des donn\u00e9es<\/h3>\n<p>Les informations sont stock\u00e9es sur votre appareil mobile, et peuvent donc \u00eatre accessibles \u00e0 d\u2019autres personnes si votre appareil est perdu ou vol\u00e9. Il est fortement recommand\u00e9 d\u2019activer les fonctions de s\u00e9curit\u00e9 de votre appareil, telles que les mots de passe ou les verrous biom\u00e9triques, afin de prot\u00e9ger vos donn\u00e9es. Bien que Linepharma applique des mesures raisonnables pour prot\u00e9ger vos informations, aucun mode de transmission ou de stockage n\u2019est enti\u00e8rement s\u00e9curis\u00e9. Il vous incombe donc de veiller \u00e0 la s\u00e9curit\u00e9 de votre appareil et des donn\u00e9es qui y sont conserv\u00e9es.<\/p>\n<h3>4. Droits et responsabilit\u00e9s de l&rsquo;utilisateur<\/h3>\n<p>En utilisant l\u2019Application, vous reconnaissez qu\u2019il est de votre responsabilit\u00e9 de vous assurer que vous utilisez la version la plus r\u00e9cente disponible, que les syst\u00e8mes d\u2019exploitation et les logiciels de s\u00e9curit\u00e9 de votre appareil sont \u00e0 jour, et que la s\u00e9curit\u00e9 physique de votre appareil est assur\u00e9e. Linepharma n\u2019est pas responsable des co\u00fbts, pertes ou dommages que vous pourriez subir en raison du non-respect de ces responsabilit\u00e9s. Pour toute question ou si vous souhaitez mettre \u00e0 jour ou supprimer vos informations, veuillez nous contacter \u00e0 l\u2019adresse suivante: dataprivacy@nordicpharma.com. Votre utilisation continue de l\u2019Application constitue votre consentement aux pr\u00e9sentes pratiques.<\/p>\n<h3>5. Restrictions d&rsquo;utilisation<\/h3>\n<p>Vous acceptez de ne pas modifier, \u00e9diter, am\u00e9liorer, revendre, d\u00e9sassembler, r\u00e9troconcevoir ou interf\u00e9rer de toute autre mani\u00e8re avec le fonctionnement de l\u2019Application. Toute copie syst\u00e9matique ou distribution massive du contenu de l\u2019Application \u00e0 des fins publiques est interdite. Vous ne devez pas violer les pr\u00e9sentes conditions. Sauf disposition contraire dans le pr\u00e9sent document, toute information ou tout mat\u00e9riel que vous transmettez \u00e0 Linepharma concernant l\u2019Application, incluant notamment des donn\u00e9es, questions, commentaires ou suggestions, seront trait\u00e9s comme non confidentiels et non exclusifs. \u00c0 l\u2019exception des Informations personnelles, toute information transmise devient la propri\u00e9t\u00e9 de Linepharma ou de ses affili\u00e9s et peut \u00eatre utilis\u00e9e \u00e0 toute fin, y compris la reproduction, la divulgation et les activit\u00e9s de marketing. Par la pr\u00e9sente, vous lib\u00e9rez et acceptez de tenir indemnes Linepharma et ses affili\u00e9s, ainsi que leurs dirigeants, administrateurs, actionnaires, employ\u00e9s et repr\u00e9sentants, de toute r\u00e9clamation, co\u00fbt, perte, responsabilit\u00e9 ou dommage d\u00e9coulant de votre utilisation de l\u2019Application ou des informations que vous avez transmises \u00e0 Linepharma. De plus, comme Linepharma n\u2019exerce aucun contr\u00f4le sur le contenu des sites Web ou applications li\u00e9s \u00e0 l\u2019Application et ne les approuve pas, l\u2019acc\u00e8s \u00e0 ces sites externes se fait \u00e0 vos propres risques. Les informations sur les produits fournies dans<br \/>\nl\u2019Application sont destin\u00e9es \u00e0 des fins d\u2019information g\u00e9n\u00e9rale uniquement et ne constituent pas un avis m\u00e9dical complet. Vous devez toujours consulter votre m\u00e9decin ou un professionnel de la sant\u00e9 pour toute question m\u00e9dicale. L\u2019Application ne fournit pas de diagnostic m\u00e9dical personnalis\u00e9 ni de conseils th\u00e9rapeutiques sp\u00e9cifiques aux patients.<br \/>\nVotre utilisation de l\u2019Application et les pr\u00e9sentes conditions sont r\u00e9gies et interpr\u00e9t\u00e9es conform\u00e9ment aux lois de la province de Qu\u00e9bec et aux lois du Canada qui y sont applicables. Tout litige relatif \u00e0 votre utilisation de l\u2019Application sera soumis exclusivement aux tribunaux situ\u00e9s dans le district de Montr\u00e9al, province de Qu\u00e9bec. Vous consentez irr\u00e9vocablement \u00e0 la comp\u00e9tence de ces tribunaux.<\/p>\n<h3>6. Mise \u00e0 jour de la politique<\/h3>\n<p>Linepharma se r\u00e9serve le droit de modifier la pr\u00e9sente politique de confidentialit\u00e9 \u00e0 tout moment. Toute modification sera publi\u00e9e au sein de l\u2019Application. Votre utilisation continue de l\u2019Application apr\u00e8s ces modifications constitue votre acceptation de la politique mise \u00e0 jour.<\/p>\n<h3>7. Nous contacter<\/h3>\n<p>Pour toute information suppl\u00e9mentaire concernant cette politique de confidentialit\u00e9 ou nos pratiques, veuillez nous contacter \u00e0 l\u2019adresse suivante: dataprivacy@nordicpharma.com. Cette politique s\u2019applique uniquement \u00e0 l\u2019Application MyNORDIMET et ne remplace pas les pratiques de confidentialit\u00e9 plus g\u00e9n\u00e9rales de Linepharma, lesquelles sont disponibles \u00e0 l\u2019adresse suivante: https:\/\/www.nordicpharma.ca\/privacy-cookies-statement\/.<\/p>\n","protected":false},"excerpt":{"rendered":"<p>1. Introduction 2. Collecte et utilisation des donn\u00e9es 3. Stockage et s\u00e9curit\u00e9 des donn\u00e9es 4. Droits et responsabilit\u00e9s de l&rsquo;utilisateur 5. Restrictions d&rsquo;utilisation 6. Mise \u00e0 jour de la politique 7. Nous contacter Derni\u00e8re mise \u00e0 jour: 7 Avril 2025 1. Introduction L\u2019application MyNORDIMET (\u00ab l\u2019Application \u00bb) est mise \u00e0 disposition par Linepharma International Inc. (\u00ab Linepharma \u00bb), une filiale [&hellip;]<\/p>\n","protected":false},"author":5,"featured_media":0,"parent":0,"menu_order":0,"comment_status":"closed","ping_status":"closed","template":"","meta":{"inline_featured_image":false,"footnotes":""},"class_list":["post-1814","page","type-page","status-publish","hentry"],"_links":{"self":[{"href":"https:\/\/www.nordicpharma.ca\/fr\/wp-json\/wp\/v2\/pages\/1814","targetHints":{"allow":["GET"]}}],"collection":[{"href":"https:\/\/www.nordicpharma.ca\/fr\/wp-json\/wp\/v2\/pages"}],"about":[{"href":"https:\/\/www.nordicpharma.ca\/fr\/wp-json\/wp\/v2\/types\/page"}],"author":[{"embeddable":true,"href":"https:\/\/www.nordicpharma.ca\/fr\/wp-json\/wp\/v2\/users\/5"}],"replies":[{"embeddable":true,"href":"https:\/\/www.nordicpharma.ca\/fr\/wp-json\/wp\/v2\/comments?post=1814"}],"version-history":[{"count":0,"href":"https:\/\/www.nordicpharma.ca\/fr\/wp-json\/wp\/v2\/pages\/1814\/revisions"}],"wp:attachment":[{"href":"https:\/\/www.nordicpharma.ca\/fr\/wp-json\/wp\/v2\/media?parent=1814"}],"curies":[{"name":"wp","href":"https:\/\/api.w.org\/{rel}","templated":true}]}}