{"id":580,"date":"2023-12-13T12:31:51","date_gmt":"2023-12-13T12:31:51","guid":{"rendered":"https:\/\/www.linepharma.ca\/report-a-side-effect\/"},"modified":"2025-11-27T16:12:36","modified_gmt":"2025-11-27T16:12:36","slug":"signaler-un-effet-secondaire","status":"publish","type":"page","link":"https:\/\/www.nordicpharma.ca\/fr\/signaler-un-effet-secondaire\/","title":{"rendered":"Signaler un effet secondaire"},"content":{"rendered":"[spb_row element_name=\u00a0\u00bbRow\u00a0\u00bb wrap_type=\u00a0\u00bbcontent-width\u00a0\u00bb parallax_image_height=\u00a0\u00bbcontent-height\u00a0\u00bb parallax_image_movement=\u00a0\u00bbfixed\u00a0\u00bb parallax_image_speed=\u00a0\u00bb0.5&Prime; bg_video_loop=\u00a0\u00bbyes\u00a0\u00bb parallax_video_height=\u00a0\u00bbwindow-height\u00a0\u00bb parallax_video_overlay=\u00a0\u00bbnone\u00a0\u00bb row_overlay_opacity=\u00a0\u00bb0&Prime; row_col_pos=\u00a0\u00bbdefault\u00a0\u00bb width=\u00a0\u00bb1\/1&Prime; el_position=\u00a0\u00bbfirst last\u00a0\u00bb] [spb_column col_animation=\u00a0\u00bbnone\u00a0\u00bb col_animation_delay=\u00a0\u00bb0&Prime; col_bg_type=\u00a0\u00bbcover\u00a0\u00bb col_parallax_image_movement=\u00a0\u00bbfixed\u00a0\u00bb col_parallax_image_speed=\u00a0\u00bb0.5&Prime; col_padding=\u00a0\u00bb0&Prime; col_vertical_offset=\u00a0\u00bb0&Prime; col_horizontal_offset=\u00a0\u00bb0&Prime; col_custom_zindex=\u00a0\u00bb0&Prime; col_sm=\u00a0\u00bb6&Prime; simplified_controls=\u00a0\u00bbyes\u00a0\u00bb custom_css_percentage=\u00a0\u00bbno\u00a0\u00bb padding_vertical=\u00a0\u00bb0&Prime; padding_horizontal=\u00a0\u00bb0&Prime; margin_vertical=\u00a0\u00bb0&Prime; custom_css=\u00a0\u00bbmargin-top: 0px;margin-bottom: 0px;\u00a0\u00bb border_styling_global=\u00a0\u00bbdefault\u00a0\u00bb el_class=\u00a0\u00bbcontact-info\u00a0\u00bb width=\u00a0\u00bb1\/2&Prime; el_position=\u00a0\u00bbfirst last\u00a0\u00bb] [spb_text_block animation=\u00a0\u00bbnone\u00a0\u00bb animation_delay=\u00a0\u00bb0&Prime; simplified_controls=\u00a0\u00bbyes\u00a0\u00bb custom_css_percentage=\u00a0\u00bbno\u00a0\u00bb padding_vertical=\u00a0\u00bb0&Prime; padding_horizontal=\u00a0\u00bb0&Prime; margin_vertical=\u00a0\u00bb0&Prime; custom_css=\u00a0\u00bbmargin-top: 0px;margin-bottom: 0px;\u00a0\u00bb border_size=\u00a0\u00bb0&Prime; border_styling_global=\u00a0\u00bbdefault\u00a0\u00bb width=\u00a0\u00bb1\/1&Prime; el_position=\u00a0\u00bbfirst last\u00a0\u00bb]\n<p>Pour signaler un \u00e9v\u00e9nement ind\u00e9sirable (ou un effet secondaire suspect\u00e9), veuillez nous contacter \u00e0 l&rsquo;adresse suivante :<\/p>\n<p class=\"text-size1\"><strong><img loading=\"lazy\" decoding=\"async\" class=\"alignnone size-full wp-image-332\" src=\"https:\/\/www.nordicpharma.ca\/wp-content\/uploads\/2023\/12\/Phone.png\" alt=\"\" width=\"17\" height=\"16\" \/>\u00a0 \u00a0 +1 877 230 4227 extension #1<\/strong><\/p>\n<p>ou par courriel<\/p>\n<p><img loading=\"lazy\" decoding=\"async\" class=\"alignnone size-full wp-image-338\" src=\"https:\/\/www.nordicpharma.ca\/wp-content\/uploads\/2023\/12\/Vector-1.png\" alt=\"\" width=\"20\" height=\"18\" \/>\u00a0 <strong>nordicpharma@claropv.com<\/strong><\/p>\n<p>Les signalements peuvent \u00eatre effectu\u00e9s directement aupr\u00e8s de Sant\u00e9 Canada ainsi que par l&rsquo;interm\u00e9diaire du Programme Canada Vigilance \u00e0 l&rsquo;adresse suivante :<\/p>\n<p><img loading=\"lazy\" decoding=\"async\" class=\"alignnone size-full wp-image-332\" src=\"https:\/\/www.nordicpharma.ca\/wp-content\/uploads\/2023\/12\/Phone.png\" alt=\"\" width=\"17\" height=\"16\" \/>\u00a0 \u00a0<strong> +1 866 234 2345<\/strong><\/p>\n<p>&nbsp;<\/p>\n[\/spb_text_block] [spb_text_block animation=\u00a0\u00bbnone\u00a0\u00bb animation_delay=\u00a0\u00bb0&Prime; simplified_controls=\u00a0\u00bbyes\u00a0\u00bb custom_css_percentage=\u00a0\u00bbno\u00a0\u00bb padding_vertical=\u00a0\u00bb0&Prime; padding_horizontal=\u00a0\u00bb0&Prime; margin_vertical=\u00a0\u00bb0&Prime; custom_css=\u00a0\u00bbmargin-top: 0px;margin-bottom: 0px;\u00a0\u00bb border_size=\u00a0\u00bb0&Prime; border_styling_global=\u00a0\u00bbdefault\u00a0\u00bb el_class=\u00a0\u00bbcolumn-more-info-2&Prime; width=\u00a0\u00bb1\/1&Prime; el_position=\u00a0\u00bbfirst last\u00a0\u00bb]\n<p class=\"more-info-2\">\u00a0 \u00a0 \u00a0<img loading=\"lazy\" decoding=\"async\" class=\"alignnone size-full wp-image-247\" src=\"https:\/\/www.nordicpharma.ca\/wp-content\/uploads\/2023\/12\/Vector.png\" alt=\"\" width=\"31\" height=\"31\" \/><\/p>\n<p class=\"text-info\">Si vous souhaitez nous contacter pour d&rsquo;autres raisons, <strong class=\"bold-info\"><a href=\"https:\/\/www.nordicpharma.ca\/fr\/contactez-nous\/\">cliquez ici<\/a><\/strong>.<\/p>\n[\/spb_text_block] [\/spb_column] [\/spb_row]\n","protected":false},"excerpt":{"rendered":"<p>[spb_row element_name=\u00a0\u00bbRow\u00a0\u00bb wrap_type=\u00a0\u00bbcontent-width\u00a0\u00bb parallax_image_height=\u00a0\u00bbcontent-height\u00a0\u00bb parallax_image_movement=\u00a0\u00bbfixed\u00a0\u00bb parallax_image_speed=\u00a0\u00bb0.5&Prime; bg_video_loop=\u00a0\u00bbyes\u00a0\u00bb parallax_video_height=\u00a0\u00bbwindow-height\u00a0\u00bb parallax_video_overlay=\u00a0\u00bbnone\u00a0\u00bb row_overlay_opacity=\u00a0\u00bb0&Prime; row_col_pos=\u00a0\u00bbdefault\u00a0\u00bb width=\u00a0\u00bb1\/1&Prime; el_position=\u00a0\u00bbfirst last\u00a0\u00bb] [spb_column col_animation=\u00a0\u00bbnone\u00a0\u00bb col_animation_delay=\u00a0\u00bb0&Prime; col_bg_type=\u00a0\u00bbcover\u00a0\u00bb col_parallax_image_movement=\u00a0\u00bbfixed\u00a0\u00bb col_parallax_image_speed=\u00a0\u00bb0.5&Prime; col_padding=\u00a0\u00bb0&Prime; col_vertical_offset=\u00a0\u00bb0&Prime; col_horizontal_offset=\u00a0\u00bb0&Prime; col_custom_zindex=\u00a0\u00bb0&Prime; col_sm=\u00a0\u00bb6&Prime; simplified_controls=\u00a0\u00bbyes\u00a0\u00bb custom_css_percentage=\u00a0\u00bbno\u00a0\u00bb padding_vertical=\u00a0\u00bb0&Prime; padding_horizontal=\u00a0\u00bb0&Prime; margin_vertical=\u00a0\u00bb0&Prime; custom_css=\u00a0\u00bbmargin-top: 0px;margin-bottom: 0px;\u00a0\u00bb border_styling_global=\u00a0\u00bbdefault\u00a0\u00bb el_class=\u00a0\u00bbcontact-info\u00a0\u00bb width=\u00a0\u00bb1\/2&Prime; el_position=\u00a0\u00bbfirst last\u00a0\u00bb] [spb_text_block animation=\u00a0\u00bbnone\u00a0\u00bb animation_delay=\u00a0\u00bb0&Prime; simplified_controls=\u00a0\u00bbyes\u00a0\u00bb custom_css_percentage=\u00a0\u00bbno\u00a0\u00bb padding_vertical=\u00a0\u00bb0&Prime; padding_horizontal=\u00a0\u00bb0&Prime; margin_vertical=\u00a0\u00bb0&Prime; custom_css=\u00a0\u00bbmargin-top: 0px;margin-bottom: 0px;\u00a0\u00bb border_size=\u00a0\u00bb0&Prime; border_styling_global=\u00a0\u00bbdefault\u00a0\u00bb width=\u00a0\u00bb1\/1&Prime; el_position=\u00a0\u00bbfirst last\u00a0\u00bb] Pour signaler un \u00e9v\u00e9nement ind\u00e9sirable (ou [&hellip;]<\/p>\n","protected":false},"author":2,"featured_media":0,"parent":0,"menu_order":0,"comment_status":"closed","ping_status":"closed","template":"","meta":{"inline_featured_image":false,"footnotes":""},"class_list":["post-580","page","type-page","status-publish","hentry"],"_links":{"self":[{"href":"https:\/\/www.nordicpharma.ca\/fr\/wp-json\/wp\/v2\/pages\/580","targetHints":{"allow":["GET"]}}],"collection":[{"href":"https:\/\/www.nordicpharma.ca\/fr\/wp-json\/wp\/v2\/pages"}],"about":[{"href":"https:\/\/www.nordicpharma.ca\/fr\/wp-json\/wp\/v2\/types\/page"}],"author":[{"embeddable":true,"href":"https:\/\/www.nordicpharma.ca\/fr\/wp-json\/wp\/v2\/users\/2"}],"replies":[{"embeddable":true,"href":"https:\/\/www.nordicpharma.ca\/fr\/wp-json\/wp\/v2\/comments?post=580"}],"version-history":[{"count":0,"href":"https:\/\/www.nordicpharma.ca\/fr\/wp-json\/wp\/v2\/pages\/580\/revisions"}],"wp:attachment":[{"href":"https:\/\/www.nordicpharma.ca\/fr\/wp-json\/wp\/v2\/media?parent=580"}],"curies":[{"name":"wp","href":"https:\/\/api.w.org\/{rel}","templated":true}]}}